{"id":817,"date":"2018-08-29T17:29:38","date_gmt":"2018-08-29T20:29:38","guid":{"rendered":"https:\/\/isfd109-bue.infd.edu.ar\/sitio\/calendario-academico-2\/"},"modified":"2026-03-04T20:34:48","modified_gmt":"2026-03-04T23:34:48","slug":"calendario-academico-2","status":"publish","type":"page","link":"https:\/\/isfd109-bue.infd.edu.ar\/sitio\/calendario-academico-2\/","title":{"rendered":"CALENDARIO 2026"},"content":{"rendered":"\n<p><\/p>\n\n\n\n<p><strong>CRONOGRAMA DE ACTIVIDADES<\/strong><\/p>\n\n\n\n<p><br>\u2022 Desde el lunes 09 y hasta el jueves 15 de marzo se realizar\u00e1 la matriculaci\u00f3n on-line (de acuerdo la normativa vigente para cada una de las situaciones acad\u00e9micas).<\/p>\n\n\n\n<p>\u2022 Lunes 16 de Marzo inicio de clases TODAS LAS CARRERAS. <\/p>\n\n\n\n<p>\u2022 A partir de esa fecha se confeccionar\u00e1n las listas de inscriptos.<\/p>\n\n\n\n<p>\u2022 Lunes 23 y 24 de Marzo se revisar\u00e1n y realizar\u00e1n correcciones en las listas<\/p>\n\n\n\n<p>\u2022 Inscripci\u00f3n de alumnos itinerantes, UCO fecha a confirmar. <\/p>\n\n\n\n<p>\u2022 La adecuaci\u00f3n, se realizar\u00e1n junto a las jefes de \u00e1rea de manera presencial los siguientes d\u00edas: <\/p>\n\n\n\n<p>Geograf\u00eda\/Historia:         PF Paula Gattesco \/  Martes de 18 a 20 Hs<\/p>\n\n\n\n<p>Econom\u00eda\/Matem\u00e1tica: PF L\u00f3pez, Graciela  \/ Martes de 16 a 17:30<\/p>\n\n\n\n<p>\u2022 El pedido de equivalencias se informar\u00e1 mas adelante.<\/p>\n\n\n\n<p><br><\/p>\n","protected":false},"excerpt":{"rendered":"<p>CRONOGRAMA DE ACTIVIDADES \u2022 Desde el lunes 09 y hasta el jueves 15 de marzo se realizar\u00e1 la matriculaci\u00f3n on-line (de acuerdo la normativa vigente para cada una de las situaciones acad\u00e9micas). \u2022 Lunes 16 de Marzo inicio de clases TODAS LAS CARRERAS. \u2022 A partir de esa fecha se confeccionar\u00e1n las listas de inscriptos. &#8230; <a title=\"CALENDARIO 2026\" class=\"read-more\" href=\"https:\/\/isfd109-bue.infd.edu.ar\/sitio\/calendario-academico-2\/\" aria-label=\"More on CALENDARIO 2026\">[+]<\/a><\/p>\n","protected":false},"author":1002,"featured_media":0,"parent":0,"menu_order":0,"comment_status":"closed","ping_status":"closed","template":"","meta":[],"acf":[],"_links":{"self":[{"href":"https:\/\/isfd109-bue.infd.edu.ar\/sitio\/wp-json\/wp\/v2\/pages\/817"}],"collection":[{"href":"https:\/\/isfd109-bue.infd.edu.ar\/sitio\/wp-json\/wp\/v2\/pages"}],"about":[{"href":"https:\/\/isfd109-bue.infd.edu.ar\/sitio\/wp-json\/wp\/v2\/types\/page"}],"author":[{"embeddable":true,"href":"https:\/\/isfd109-bue.infd.edu.ar\/sitio\/wp-json\/wp\/v2\/users\/1002"}],"replies":[{"embeddable":true,"href":"https:\/\/isfd109-bue.infd.edu.ar\/sitio\/wp-json\/wp\/v2\/comments?post=817"}],"version-history":[{"count":15,"href":"https:\/\/isfd109-bue.infd.edu.ar\/sitio\/wp-json\/wp\/v2\/pages\/817\/revisions"}],"predecessor-version":[{"id":3030,"href":"https:\/\/isfd109-bue.infd.edu.ar\/sitio\/wp-json\/wp\/v2\/pages\/817\/revisions\/3030"}],"wp:attachment":[{"href":"https:\/\/isfd109-bue.infd.edu.ar\/sitio\/wp-json\/wp\/v2\/media?parent=817"}],"curies":[{"name":"wp","href":"https:\/\/api.w.org\/{rel}","templated":true}]}}