{"id":811,"date":"2018-08-29T17:29:36","date_gmt":"2018-08-29T20:29:36","guid":{"rendered":"https:\/\/isfd109-bue.infd.edu.ar\/sitio\/personal-jerarquico\/"},"modified":"2026-03-09T21:49:14","modified_gmt":"2026-03-10T00:49:14","slug":"personal-jerarquico","status":"publish","type":"page","link":"https:\/\/isfd109-bue.infd.edu.ar\/sitio\/personal-jerarquico\/","title":{"rendered":"Personal Jer\u00e1rquico"},"content":{"rendered":"<p><span style=\"color: #000080;\"><span style=\"font-size: 14pt;\"><span style=\"font-family: comic sans ms,sans-serif;\">\u00a0<strong>ESCUELA NORMAL SUPERIOR N\u00b0 109<\/strong> \u00abJuana Azurduy\u00bb<\/span><\/span><\/span><\/p>\n<p><strong><span style=\"color: #000080;\"><span style=\"font-size: 14pt;\"><span style=\"font-family: comic sans ms,sans-serif;\">Directora a Cargo: Felisa, Bedia.<\/span><\/span><\/span><\/strong><\/p>\n<p><span style=\"color: #000080;\"><span style=\"font-size: 14pt;\"><span style=\"font-family: comic sans ms,sans-serif;\"><strong>Vicedirectora Institucional Profesora<\/strong>: Sin cubrir<\/span><\/span><\/span><\/p>\n<p><span style=\"color: #000080;\"><span style=\"font-size: 14pt;\"><span style=\"font-family: comic sans ms,sans-serif;\"><strong>Secretario Institucional Profesor<\/strong>: Sin cubrir<\/span><\/span><\/span><\/p>\n<p><span style=\"color: #000080;\"><span style=\"font-size: 14pt;\"><span style=\"font-family: comic sans ms,sans-serif;\"><b style=\"color: #000080; font-family: 'comic sans ms', sans-serif; font-size: 14pt;\">Jefe de \u00e1rea de <\/b><span style=\"color: #000080; font-family: comic sans ms, sans-serif;\"><span style=\"font-size: 18.6667px;\"><b>Econom\u00eda<\/b><\/span><\/span><b style=\"color: #000080; font-family: 'comic sans ms', sans-serif; font-size: 14pt;\"> \/ Matem\u00e1tica Profesor<\/b><span style=\"color: #000080; font-family: comic sans ms, sans-serif;\"><span style=\"font-size: 14pt;\">: Graciela, L\u00f3pez<\/span><\/span><\/span><\/span><\/span><\/p>\n<p><span style=\"color: #000080;\"><span style=\"font-size: 14pt;\"><span style=\"font-family: comic sans ms,sans-serif;\"><strong>Jefe de \u00e1rea de Geograf\u00eda \/ Historia<\/strong>: Paula, Gattesco<\/span><\/span><\/span><\/p>\n<p><span style=\"color: #000080;\"><span style=\"font-size: 14pt;\"><span style=\"font-family: comic sans ms,sans-serif;\"><strong>Inspectora Educaci\u00f3n Superior<\/strong>: Emilse, Geoghegan<\/span><\/span><\/span><\/p>\n","protected":false},"excerpt":{"rendered":"<p>\u00a0ESCUELA NORMAL SUPERIOR N\u00b0 109 \u00abJuana Azurduy\u00bb Directora a Cargo: Felisa, Bedia. Vicedirectora Institucional Profesora: Sin cubrir Secretario Institucional Profesor: Sin cubrir Jefe de \u00e1rea de Econom\u00eda \/ Matem\u00e1tica Profesor: Graciela, L\u00f3pez Jefe de \u00e1rea de Geograf\u00eda \/ Historia: Paula, Gattesco Inspectora Educaci\u00f3n Superior: Emilse, Geoghegan<\/p>\n","protected":false},"author":1002,"featured_media":0,"parent":0,"menu_order":0,"comment_status":"closed","ping_status":"closed","template":"","meta":[],"acf":[],"_links":{"self":[{"href":"https:\/\/isfd109-bue.infd.edu.ar\/sitio\/wp-json\/wp\/v2\/pages\/811"}],"collection":[{"href":"https:\/\/isfd109-bue.infd.edu.ar\/sitio\/wp-json\/wp\/v2\/pages"}],"about":[{"href":"https:\/\/isfd109-bue.infd.edu.ar\/sitio\/wp-json\/wp\/v2\/types\/page"}],"author":[{"embeddable":true,"href":"https:\/\/isfd109-bue.infd.edu.ar\/sitio\/wp-json\/wp\/v2\/users\/1002"}],"replies":[{"embeddable":true,"href":"https:\/\/isfd109-bue.infd.edu.ar\/sitio\/wp-json\/wp\/v2\/comments?post=811"}],"version-history":[{"count":13,"href":"https:\/\/isfd109-bue.infd.edu.ar\/sitio\/wp-json\/wp\/v2\/pages\/811\/revisions"}],"predecessor-version":[{"id":3078,"href":"https:\/\/isfd109-bue.infd.edu.ar\/sitio\/wp-json\/wp\/v2\/pages\/811\/revisions\/3078"}],"wp:attachment":[{"href":"https:\/\/isfd109-bue.infd.edu.ar\/sitio\/wp-json\/wp\/v2\/media?parent=811"}],"curies":[{"name":"wp","href":"https:\/\/api.w.org\/{rel}","templated":true}]}}