{"id":763,"date":"2018-08-29T17:29:25","date_gmt":"2018-08-29T20:29:25","guid":{"rendered":"https:\/\/isfd109-bue.infd.edu.ar\/sitio\/investigacion\/"},"modified":"2026-03-16T09:48:40","modified_gmt":"2026-03-16T12:48:40","slug":"investigacion","status":"publish","type":"page","link":"https:\/\/isfd109-bue.infd.edu.ar\/sitio\/investigacion\/","title":{"rendered":"Preceptoria"},"content":{"rendered":"<p><b>Este es un espacio para que los alumnos de todas las carreras puedan interactuar con los preceptores, al igual que descargar todos los formularios administrativos que se utilizaran en el presente Ciclo Lectivo.<\/b><\/p>\n<p><strong>IMPORTANTE:<\/strong><\/p>\n<p>PRECEPTOR DE GEOGRAF\u00cdA:\u00a0 \u00a0 \u00a0 GAST\u00d3N, CHAMORRO<\/p>\n<p>PRECEPTOR DE ECONOM\u00cdA:\u00a0 \u00a0 \u00a0 \u00a0GAST\u00d3N, CHAMORRO<\/p>\n<p>PRECEPTOR DE MATEMATICA:\u00a0 JORGE, ACOSTA<\/p>\n<p>PRECEPTOR DE HISTORIA:\u00a0 \u00a0 \u00a0 \u00a0 \u00a0 NATALIA. SURIANO<\/p>\n<h4 style=\"text-align: center;\"><b>Horario de atenci\u00f3n de 18:30 a 20:30<\/b><\/h4>\n<hr \/>\n<h3 style=\"text-align: center;\"><span style=\"color: #0000ff;\">FORMULARIOS ADMINISTRATIVOS: <\/span><\/h3>\n<h3 style=\"text-align: center;\"><span style=\"color: #ff0000;\">Haga click sobre el formulario que desea descargar<\/span><\/h3>\n<ol>\n<li>\n<h5><span style=\"color: #0000ff;\"><a style=\"color: #0000ff;\" href=\"https:\/\/isfd109-bue.infd.edu.ar\/sitio\/wp-content\/uploads\/2026\/03\/CONSTANCIA-ALUMNO-REGULAR-TODAS-LAS-CARRERAS.docx\"><strong>CONSTANCIA DE ALUMNO REGULAR<\/strong><\/a><\/span><\/h5>\n<\/li>\n<li>\n<h5><span style=\"color: #0000ff;\"><a style=\"color: #0000ff;\" href=\"https:\/\/isfd109-bue.infd.edu.ar\/sitio\/wp-content\/uploads\/2026\/03\/A9b-PORCENTAJE-MATERIAS-TODAS-LAS-CARRERAS.doc\"><strong>PORCENTAJE DE MATERIAS APROBADAS<\/strong><\/a><\/span><\/h5>\n<\/li>\n<li>\n<h5><span style=\"color: #0000ff;\"><a style=\"color: #0000ff;\" href=\"https:\/\/isfd109-bue.infd.edu.ar\/sitio\/wp-content\/uploads\/2026\/03\/A8-CONSTANCIA-DE-ASISTENCIA-A-EXAMEN-TODAS-LAS-CARRERAS.docx\"><strong>CONSTANCIA DE EX\u00c1MENES<\/strong><\/a><\/span><\/h5>\n<\/li>\n<li>\n<h5><span style=\"color: #0000ff;\"><a style=\"color: #0000ff;\" href=\"https:\/\/isfd109-bue.infd.edu.ar\/sitio\/wp-content\/uploads\/2026\/03\/A1-Ficha-de-Inscripcion.doc\"><strong>PLANILLA A1 &#8211; DE <\/strong>INSCRIPCI\u00d3N<\/a><\/span><\/h5>\n<\/li>\n<li>\n<h5><span style=\"color: #0000ff;\"><a style=\"color: #0000ff;\" href=\"https:\/\/isfd109-bue.infd.edu.ar\/sitio\/wp-content\/uploads\/2026\/03\/A2-Ficha-Psicofisico.docx\"><b>PLANILLA A2 &#8211; FICHA DE SALUD<\/b><\/a><\/span><\/h5>\n<\/li>\n<li>\n<h5><span style=\"color: #0000ff;\"><a style=\"color: #0000ff;\" href=\"https:\/\/isfd109-bue.infd.edu.ar\/sitio\/wp-content\/uploads\/2026\/03\/A14a-Equivalencias.doc\"><strong>SOLICITUD DE EQUIVALENCIA POR ASIGNATURA (A14a)<\/strong><\/a><\/span><\/h5>\n<\/li>\n<li>\n<h5><a href=\"https:\/\/isfd109-bue.infd.edu.ar\/sitio\/wp-content\/uploads\/2026\/03\/A14-Equivalencia-Resumen.doc\"><strong><span style=\"color: #0000ff;\">SOLICITUD DE EQUIVALENCIA RESUMEN (A14<\/span>)<\/strong><\/a><\/h5>\n<\/li>\n<li>\n<h5><span style=\"color: #0000ff;\"><a style=\"color: #0000ff;\" href=\"https:\/\/isfd109-bue.infd.edu.ar\/sitio\/wp-content\/uploads\/2026\/03\/SOLICITUD-DE-PASE-DE-ALUMNOS.docx\">SOLICITUD DE PASE<\/a><\/span><\/h5>\n<\/li>\n<li>\n<h5><span style=\"color: #0000ff;\"><a style=\"color: #0000ff;\" href=\"https:\/\/isfd109-bue.infd.edu.ar\/sitio\/wp-content\/uploads\/2026\/03\/SITUACION-ACADEMICA-GEOGRAFIA-26-03.xlsx\"><strong>SITUACI\u00d3N ACAD\u00c9MICA GEOGRAF\u00cdA RESOLUCI\u00d3N N\u00b0 26\/03<\/strong><\/a><\/span><\/h5>\n<\/li>\n<\/ol>\n<h5><\/h5>\n<h6><\/h6>\n","protected":false},"excerpt":{"rendered":"<p>Este es un espacio para que los alumnos de todas las carreras puedan interactuar con los preceptores, al igual que descargar todos los formularios administrativos que se utilizaran en el presente Ciclo Lectivo. IMPORTANTE: PRECEPTOR DE GEOGRAF\u00cdA:\u00a0 \u00a0 \u00a0 GAST\u00d3N, CHAMORRO PRECEPTOR DE ECONOM\u00cdA:\u00a0 \u00a0 \u00a0 \u00a0GAST\u00d3N, CHAMORRO PRECEPTOR DE MATEMATICA:\u00a0 JORGE, ACOSTA PRECEPTOR DE &#8230; <a title=\"Preceptoria\" class=\"read-more\" href=\"https:\/\/isfd109-bue.infd.edu.ar\/sitio\/investigacion\/\" aria-label=\"More on Preceptoria\">[+]<\/a><\/p>\n","protected":false},"author":977,"featured_media":0,"parent":0,"menu_order":0,"comment_status":"closed","ping_status":"closed","template":"","meta":[],"acf":[],"_links":{"self":[{"href":"https:\/\/isfd109-bue.infd.edu.ar\/sitio\/wp-json\/wp\/v2\/pages\/763"}],"collection":[{"href":"https:\/\/isfd109-bue.infd.edu.ar\/sitio\/wp-json\/wp\/v2\/pages"}],"about":[{"href":"https:\/\/isfd109-bue.infd.edu.ar\/sitio\/wp-json\/wp\/v2\/types\/page"}],"author":[{"embeddable":true,"href":"https:\/\/isfd109-bue.infd.edu.ar\/sitio\/wp-json\/wp\/v2\/users\/977"}],"replies":[{"embeddable":true,"href":"https:\/\/isfd109-bue.infd.edu.ar\/sitio\/wp-json\/wp\/v2\/comments?post=763"}],"version-history":[{"count":49,"href":"https:\/\/isfd109-bue.infd.edu.ar\/sitio\/wp-json\/wp\/v2\/pages\/763\/revisions"}],"predecessor-version":[{"id":3128,"href":"https:\/\/isfd109-bue.infd.edu.ar\/sitio\/wp-json\/wp\/v2\/pages\/763\/revisions\/3128"}],"wp:attachment":[{"href":"https:\/\/isfd109-bue.infd.edu.ar\/sitio\/wp-json\/wp\/v2\/media?parent=763"}],"curies":[{"name":"wp","href":"https:\/\/api.w.org\/{rel}","templated":true}]}}