{"id":286,"date":"2016-10-31T13:17:59","date_gmt":"2016-10-31T16:17:59","guid":{"rendered":"https:\/\/isfd109-bue.infd.edu.ar\/sitio\/?page_id=286"},"modified":"2026-03-25T13:38:35","modified_gmt":"2026-03-25T16:38:35","slug":"inicio","status":"publish","type":"page","link":"https:\/\/isfd109-bue.infd.edu.ar\/sitio\/","title":{"rendered":"E.N.S. N\u00b0 109 \u00abJUANA AZURDUY\u00bb"},"content":{"rendered":"\n<div class=\"wp-block-cover\" style=\"min-height:861px\"><span aria-hidden=\"true\" class=\"wp-block-cover__background has-background-dim\"><\/span><img decoding=\"async\" loading=\"lazy\" width=\"1280\" height=\"1280\" class=\"wp-block-cover__image-background wp-image-2711\" alt=\"\" src=\"https:\/\/isfd109-bue.infd.edu.ar\/sitio\/wp-content\/uploads\/2025\/02\/JUANA-AZURDUY-1.jpeg\" data-object-fit=\"cover\" srcset=\"https:\/\/isfd109-bue.infd.edu.ar\/sitio\/wp-content\/uploads\/2025\/02\/JUANA-AZURDUY-1.jpeg 1280w, https:\/\/isfd109-bue.infd.edu.ar\/sitio\/wp-content\/uploads\/2025\/02\/JUANA-AZURDUY-1-1000x1000.jpeg 1000w, https:\/\/isfd109-bue.infd.edu.ar\/sitio\/wp-content\/uploads\/2025\/02\/JUANA-AZURDUY-1-500x500.jpeg 500w, https:\/\/isfd109-bue.infd.edu.ar\/sitio\/wp-content\/uploads\/2025\/02\/JUANA-AZURDUY-1-768x768.jpeg 768w\" sizes=\"(max-width: 1280px) 100vw, 1280px\" \/><div class=\"wp-block-cover__inner-container\">\n<p><\/p>\n<\/div><\/div>\n\n\n\n<hr class=\"wp-block-separator has-alpha-channel-opacity\"\/>\n\n\n<h1 style=\"text-align: center;\"><span style=\"color: #0000ff;\">MATRICULACI\u00d3N CURSADA 2026\u00a0<\/span><\/h1>\n<h4 style=\"text-align: center;\"><span style=\"color: #ff0000;\">LOS HORARIOS YA SE ENCUENTRAN DISPONIBLES EN LA SOLAPA CORRESPONDIENTE A CADA PROFESORADO.<\/span><\/h4>\n<h4 style=\"text-align: center;\"><span style=\"color: #000080;\"><strong>PARA TENER EN CUENTA EN EL MOMENTO DE LA INSCRIPCI\u00d3N<\/strong><\/span><\/h4>\n<hr \/>\n<ul>\n<li>Del 11 al 15 de marzo: Inscripci\u00f3n de 2\u00b0 a 4\u00b0 a\u00f1o. Matriculaci\u00f3n\u00a0 a las Unidades Curriculares.\u00a0<\/li>\n<\/ul>\n<p style=\"text-align: center;\">(Condici\u00f3n Regular \/ Libre \/ Recursante)\u00a0<strong><span style=\"color: #ff0000;\">CERRADA<\/span><\/strong><\/p>\n<hr \/>\n<ul>\n<li>Del 20 al 25 de marzo (Inscripci\u00f3n desde la Web) Unidades Curriculares de 1\u00b0 A\u00f1o.<\/li>\n<\/ul>\n<p style=\"text-align: center;\">(Condici\u00f3n Regular \/ Libre \/ Recursante) <strong><span style=\"color: #ff0000;\">CERRADA<\/span><\/strong><\/p>\n<hr \/>\n<ul>\n<li>Del 23 al 30 de marzo Inscripci\u00f3n a Unidades Curriculares Optativas.<\/li>\n<\/ul>\n<p>Se publicar\u00e1n los proyectos de los docentes a cargo con el cronograma de d\u00edas y horarios. Se inscribir\u00e1n por formulario \/ presencial.\u00a0<\/p>\n<p style=\"text-align: left;\">Recuerden que deben\u00a0 inscribirse a una de las Unidades Curriculares Optativas durante la cursada del Profesorado\u00a0 \u00a0 \u00a0 \u00a0 \u00a0 \u00a0 \u00a0 \u00a0 \u00a0 \u00a0 \u00a0 \u00a0 \u00a0 \u00a0 \u00a0 \u00a0 \u00a0 \u00a0 \u00a0 \u00a0 \u00a0 \u00a0 \u00a0 \u00a0 \u00a0 \u00a0 \u00a0 \u00a0 \u00a0 \u00a0 \u00a0 \u00a0 \u00a0 \u00a0 \u00a0 \u00a0 \u00a0 \u00a0 \u00a0 \u00a0 \u00a0 \u00a0 \u00a0 \u00a0 \u00a0 \u00a0 \u00a0 \u00a0 \u00a0 \u00a0 \u00a0 \u00a0 \u00a0 \u00a0 \u00a0 \u00a0 \u00a0(Preferentemente en tercero y cuarto a\u00f1o).<\/p>\n<p>Al ser Optativas pueden inscribirse por inter\u00e9s y disponibilidad horaria, sin tener en cuenta el profesorado que cursan.<\/p>\n<p>Recuerden que en las Unidades Curriculares del Campo General, (Comunes a todos los profesorados) (Por ejemplo Pedagog\u00eda, ESI, Cultura Digital, etc.) pueden inscribirse seg\u00fan disponibilidad horaria, no es obligatorio cursarlas en el profesorado de origen.<\/p>\n<h4 style=\"text-align: center;\"><span style=\"color: #ff0000;\">HAGA CLICK SOBRE EL PROFESORADO DONDE DESEA MATRICULARSE<\/span><\/h4>\n<hr \/>\n<h3 style=\"text-align: center;\"><strong><span style=\"color: #0000ff;\"><a href=\"https:\/\/isfd109-bue.infd.edu.ar\/sitio\/calendario-academico\/\"><span style=\"color: #000080;\">GEOGRAF\u00cdA<\/span><\/a>\u00a0 \u00a0 \u00a0 \u00a0<\/span><\/strong><strong><span style=\"color: #ff9900;\"><a href=\"https:\/\/isfd109-bue.infd.edu.ar\/sitio\/plan-de-estudios-3\/\"><span style=\"color: #ff6600;\">ECONOM\u00cdA<\/span>\u00a0<\/a>\u00a0 \u00a0 \u00a0 \u00a0<\/span><\/strong><strong><span style=\"color: #339966;\"><a href=\"https:\/\/isfd109-bue.infd.edu.ar\/sitio\/plan-de-estudios-4\/\"><span style=\"color: #339966;\">HISTORIA<\/span><\/a>\u00a0 \u00a0 \u00a0 \u00a0<\/span><\/strong><a href=\"https:\/\/isfd109-bue.infd.edu.ar\/sitio\/matriculacion-matematica-2023\/\"><strong><span style=\"color: #ff0000;\">MATEM\u00c1TICA <\/span><\/strong><\/a><\/h3>\n<hr \/>\n<h1 style=\"text-align: center;\"><span style=\"color: #0000ff;\">INICIO DE CLASES TODAS LAS CARRERAS 16 DE MARZO 18:00 HORAS.<\/span><\/h1>\n<hr \/>\n<h1 style=\"text-align: center;\"><span style=\"color: #ff0000;\"><img decoding=\"async\" loading=\"lazy\" class=\"\" src=\"https:\/\/i.pinimg.com\/736x\/98\/6f\/b1\/986fb1591960ae4ae08f210c5d4b977b.jpg\" alt=\"Apontando emoticon\" width=\"84\" height=\"87\" \/>\u00a0 \u00a0 \u00a0<\/span><\/h1>\n<h1 style=\"text-align: center;\"><span style=\"color: #ff0000;\">DESCARGUE LOS FORMULARIOS Y CONSTANCIAS\u00a0\u00a0<\/span><\/h1>\n<h4 style=\"text-align: left;\">\u00a0<\/h4>\n<h4>\u00a0<\/h4>\n<hr \/>\n<h3><strong>\u00a0<\/strong><\/h3>\n<p><img decoding=\"async\" loading=\"lazy\" class=\"size-full wp-image-1684 aligncenter\" src=\"https:\/\/isfd109-bue.infd.edu.ar\/sitio\/wp-content\/uploads\/2022\/11\/109-1.jpg\" alt=\"\" width=\"666\" height=\"598\" \/><\/p>\n<p><strong>11 de Noviembre N\u00ba 570 entre Alberdi y La Martine \u00a0San Antonio de Padua<\/strong><\/p>\n<p><strong>E-mail: <a href=\"mailto:isfd109@gmail.com\">isfd109@gmail.com<\/a> <\/strong><\/p>\n<p>\u00abLa educaci\u00f3n genera confianza. La confianza genera esperanza. La esperanza genera paz.\u00a0 \u00a0 \u00a0 \u00a0 \u00a0 \u00a0 \u00a0 \u00a0 \u00a0 \u00a0 \u00a0 \u00a0 \u00a0 \u00a0 \u00a0 \u00a0 \u00a0 \u00a0 \u00a0 \u00a0 \u00a0 \u00a0 \u00a0 \u00a0 \u00a0 \u00a0 \u00a0 \u00a0 \u00a0 \u00a0 \u00a0 \u00a0 \u00a0 \u00a0 \u00a0 \u00a0 \u00a0 \u00a0 \u00a0 \u00a0 \u00a0 \u00a0 \u00a0 \u00a0 \u00a0 \u00a0 \u00a0 \u00a0 \u00a0 \u00a0 \u00a0 \u00a0 \u00a0 \u00a0 \u00a0 \u00a0 \u00a0 \u00a0 \u00a0 \u00a0 \u00a0 \u00a0 \u00a0 \u00a0 \u00a0 \u00a0 \u00a0 \u00a0 \u00a0 \u00a0 \u00a0 \u00a0 \u00a0 \u00a0 \u00a0 \u00a0 \u00a0 \u00a0 \u00a0 \u00a0 \u00a0 \u00a0 \u00a0 \u00a0 \u00a0 \u00a0 \u00a0 \u00a0 \u00a0 \u00a0 \u00a0 \u00a0 \u00a0 \u00a0 \u00a0 \u00a0 \u00a0 \u00a0 \u00a0 \u00a0 \u00a0 \u00a0 \u00a0 \u00a0 \u00a0 \u00a0 \u00a0 \u00a0 \u00a0 \u00a0 \u00a0 \u00a0 \u00a0 \u00a0 \u00a0 \u00a0 \u00a0 \u00a0 \u00a0 \u00a0 \u00a0 \u00a0 \u00a0 \u00a0 \u00a0 \u00a0 \u00a0 \u00a0 \u00a0 \u00a0 \u00a0 \u00a0 \u00a0 \u00a0 \u00a0 \u00a0 \u00a0 \u00a0 \u00a0 \u00a0 \u00a0 \u00a0 \u00a0 \u00a0 \u00a0 \u00a0 \u00a0 \u00a0 \u00a0 \u00a0 Confucio<\/p>\n<p>A trav\u00e9s de este sitio en Internet, nuestro Instituto podr\u00e1 comunicar novedades, acercar informaci\u00f3n, compartir experiencias y brindar apoyo y asesoramiento a\u00a0alumnos, docentes e interesados en formar parte de esta comunidad educativa.<\/p>\n<hr \/>\n<h4><strong><span style=\"color: #0000ff;\">PARA LAS INSCRIPCI\u00d3N DE LAS MATERIAS DEL SEGUNDO CUATRIMESTRE SE REALIZARA LA APERTURA NUEVAMENTE DEL FORMULARIO.<\/span><\/strong><\/h4>\n<hr \/>\n<h3 style=\"text-align: center;\"><span style=\"color: #0000ff;\"><strong>\u00a0<\/strong><\/span><\/h3>\n<p><img decoding=\"async\" loading=\"lazy\" class=\"size-full wp-image-1684 aligncenter\" src=\"https:\/\/isfd109-bue.infd.edu.ar\/sitio\/wp-content\/uploads\/2022\/11\/109-1.jpg\" alt=\"\" width=\"666\" height=\"598\" \/><\/p>\n<p><strong>11 de Noviembre N\u00ba 570 entre Alberdi y La Martine \u00a0San Antonio de Padua<\/strong><\/p>\n<p><strong>E-mail: <a href=\"mailto:isfd109@gmail.com\">isfd109@gmail.com<\/a> <\/strong><\/p>\n<p>\u00abLa educaci\u00f3n genera confianza. La confianza genera esperanza. La esperanza genera paz.\u00a0 \u00a0 \u00a0 \u00a0 \u00a0 \u00a0 \u00a0 \u00a0 \u00a0 \u00a0 \u00a0 \u00a0 \u00a0 \u00a0 \u00a0 \u00a0 \u00a0 \u00a0 \u00a0 \u00a0 \u00a0 \u00a0 \u00a0 \u00a0 \u00a0 \u00a0 \u00a0 \u00a0 \u00a0 \u00a0 \u00a0 \u00a0 \u00a0 \u00a0 \u00a0 \u00a0 \u00a0 \u00a0 \u00a0 \u00a0 \u00a0 \u00a0 \u00a0 \u00a0 \u00a0 \u00a0 \u00a0 \u00a0 \u00a0 \u00a0 \u00a0 \u00a0 \u00a0 \u00a0 \u00a0 \u00a0 \u00a0 \u00a0 \u00a0 \u00a0 \u00a0 \u00a0 \u00a0 \u00a0 \u00a0 \u00a0 \u00a0 \u00a0 \u00a0 \u00a0 \u00a0 \u00a0 \u00a0 \u00a0 \u00a0 \u00a0 \u00a0 \u00a0 \u00a0 \u00a0 \u00a0 \u00a0 \u00a0 \u00a0 \u00a0 \u00a0 \u00a0 \u00a0 \u00a0 \u00a0 \u00a0 \u00a0 \u00a0 \u00a0 \u00a0 \u00a0 \u00a0 \u00a0 \u00a0 \u00a0 \u00a0 \u00a0 \u00a0 \u00a0 \u00a0 \u00a0 \u00a0 \u00a0 \u00a0 \u00a0 \u00a0 \u00a0 \u00a0 \u00a0 \u00a0 \u00a0 \u00a0 \u00a0 \u00a0 \u00a0 \u00a0 \u00a0 \u00a0 \u00a0 \u00a0 \u00a0 \u00a0 \u00a0 \u00a0 \u00a0 \u00a0 \u00a0 \u00a0 \u00a0 \u00a0 \u00a0 \u00a0 \u00a0 \u00a0 \u00a0 \u00a0 \u00a0 \u00a0 \u00a0 \u00a0 \u00a0 \u00a0 \u00a0 \u00a0 \u00a0 Confucio<\/p>\n<p><span style=\"font-family: Verdana; font-size: 10pt;\"><span style=\"color: #000080;\">A trav\u00e9s de este sitio en Internet, nuestro Instituto podr\u00e1 comunicar novedades, acercar informaci\u00f3n, compartir experiencias y brindar apoyo y asesoramiento a\u00a0alumnos, docentes e interesados en formar parte de esta comunidad educativa.<\/span><\/span><\/p>","protected":false},"excerpt":{"rendered":"<p>MATRICULACI\u00d3N CURSADA 2026\u00a0 LOS HORARIOS YA SE ENCUENTRAN DISPONIBLES EN LA SOLAPA CORRESPONDIENTE A CADA PROFESORADO. PARA TENER EN CUENTA EN EL MOMENTO DE LA INSCRIPCI\u00d3N Del 11 al 15 de marzo: Inscripci\u00f3n de 2\u00b0 a 4\u00b0 a\u00f1o. Matriculaci\u00f3n\u00a0 a las Unidades Curriculares.\u00a0 (Condici\u00f3n Regular \/ Libre \/ Recursante)\u00a0CERRADA Del 20 al 25 de marzo &#8230; <a title=\"E.N.S. N\u00b0 109 \u00abJUANA AZURDUY\u00bb\" class=\"read-more\" href=\"https:\/\/isfd109-bue.infd.edu.ar\/sitio\/\" aria-label=\"More on E.N.S. N\u00b0 109 \u00abJUANA AZURDUY\u00bb\">[+]<\/a><\/p>\n","protected":false},"author":977,"featured_media":0,"parent":0,"menu_order":0,"comment_status":"closed","ping_status":"closed","template":"","meta":[],"acf":[],"_links":{"self":[{"href":"https:\/\/isfd109-bue.infd.edu.ar\/sitio\/wp-json\/wp\/v2\/pages\/286"}],"collection":[{"href":"https:\/\/isfd109-bue.infd.edu.ar\/sitio\/wp-json\/wp\/v2\/pages"}],"about":[{"href":"https:\/\/isfd109-bue.infd.edu.ar\/sitio\/wp-json\/wp\/v2\/types\/page"}],"author":[{"embeddable":true,"href":"https:\/\/isfd109-bue.infd.edu.ar\/sitio\/wp-json\/wp\/v2\/users\/977"}],"replies":[{"embeddable":true,"href":"https:\/\/isfd109-bue.infd.edu.ar\/sitio\/wp-json\/wp\/v2\/comments?post=286"}],"version-history":[{"count":577,"href":"https:\/\/isfd109-bue.infd.edu.ar\/sitio\/wp-json\/wp\/v2\/pages\/286\/revisions"}],"predecessor-version":[{"id":3147,"href":"https:\/\/isfd109-bue.infd.edu.ar\/sitio\/wp-json\/wp\/v2\/pages\/286\/revisions\/3147"}],"wp:attachment":[{"href":"https:\/\/isfd109-bue.infd.edu.ar\/sitio\/wp-json\/wp\/v2\/media?parent=286"}],"curies":[{"name":"wp","href":"https:\/\/api.w.org\/{rel}","templated":true}]}}