{"id":2071,"date":"2023-03-29T08:51:57","date_gmt":"2023-03-29T11:51:57","guid":{"rendered":"https:\/\/isfd109-bue.infd.edu.ar\/sitio\/?page_id=2071"},"modified":"2026-03-20T21:13:33","modified_gmt":"2026-03-21T00:13:33","slug":"matriculacion-matematica-2023","status":"publish","type":"page","link":"https:\/\/isfd109-bue.infd.edu.ar\/sitio\/matriculacion-matematica-2023\/","title":{"rendered":"MATRICULACI\u00d3N MATEM\u00c1TICA 2026"},"content":{"rendered":"\n<p><strong>Procedimiento para matricularse:<\/strong><\/p>\n\n\n\n<ul>\n<li>Hacer click en el enlace correspondiente al a\u00f1o en que se desea matricular (QUE SE ENCUENTRA AL PIE DEL PRESENTE).<\/li>\n\n\n\n<li>Completar sus datos personales<\/li>\n\n\n\n<li>En las \u00e1reas o perspectivas deber\u00e1 seleccionar una opci\u00f3n si o si, (Regular, Atraso Acad\u00e9mico, Recursa, Libre, No Cursa).<\/li>\n\n\n\n<li>Si no desea cursar un \u00e1rea o perspectiva o ya la acredit\u00f3 (No Cursa &#8211; Con derecho a final o Final Aprobado).<\/li>\n\n\n\n<li>Si necesita cursar \u00e1reas en diferentes a\u00f1os, deber\u00e1 inscribirse en cada a\u00f1o completando el formulario de cada a\u00f1o correspondiente (Ej: si desea matricularse en en primer a\u00f1o y en segundo a\u00f1o, deber\u00e1 completar el formulario de 1\u00b0 a\u00f1o y luego el de 2\u00b0 a\u00f1o).<\/li>\n\n\n\n<li>Tener siempre en cuenta el r\u00e9gimen de correlatividades para no incurrir en errores pasibles de anulaci\u00f3n del formulario o las \u00e1reas en cuesti\u00f3n.<\/li>\n<\/ul>\n\n\n\n<p>Se notifican que acorde marco normativo vigente que:&nbsp; &nbsp;\u00bb toda la informaci\u00f3n suministrada por el alumno\/a en forma virtual o en soporte papel, revestir\u00e1 un car\u00e1cter de <strong>declaraci\u00f3n jurada<\/strong>. En caso de falsedad en el ingreso de los datos requeridos, adulteraci\u00f3n maliciosa o enga\u00f1osa de la informaci\u00f3n ingresada al sistema, los alumnos\/as , ser\u00e1n pasibles de las sanciones establecidas en la Resoluciones vigentes y Acuerdos de convivencia.-<\/p>\n\n\n\n<h4 class=\"wp-block-heading\">MATRICULACI\u00d3N PROFESORADO EN MATEM\u00c1TICA&nbsp; 2026  <\/h4>\n\n\n\n<h4 class=\"wp-block-heading\">RESOLUCI\u00d3N 1861\/17<\/h4>\n\n\n\n<p>Haga click sobre el a\u00f1o para realizar el procedimiento.<\/p>\n\n\n\n<p><\/p>\n\n\n\n<ul>\n<li>PRIMER A\u00d1O<\/li>\n\n\n\n<li>SEGUNDO A\u00d1O<\/li>\n\n\n\n<li>TERCERO A\u00d1O<\/li>\n\n\n\n<li>CUARTO A\u00d1O<\/li>\n<\/ul>\n","protected":false},"excerpt":{"rendered":"<p>Procedimiento para matricularse: Se notifican que acorde marco normativo vigente que:&nbsp; &nbsp;\u00bb toda la informaci\u00f3n suministrada por el alumno\/a en forma virtual o en soporte papel, revestir\u00e1 un car\u00e1cter de declaraci\u00f3n jurada. En caso de falsedad en el ingreso de los datos requeridos, adulteraci\u00f3n maliciosa o enga\u00f1osa de la informaci\u00f3n ingresada al sistema, los alumnos\/as &#8230; <a title=\"MATRICULACI\u00d3N MATEM\u00c1TICA 2026\" class=\"read-more\" href=\"https:\/\/isfd109-bue.infd.edu.ar\/sitio\/matriculacion-matematica-2023\/\" aria-label=\"More on MATRICULACI\u00d3N MATEM\u00c1TICA 2026\">[+]<\/a><\/p>\n","protected":false},"author":977,"featured_media":0,"parent":0,"menu_order":0,"comment_status":"closed","ping_status":"closed","template":"","meta":[],"acf":[],"_links":{"self":[{"href":"https:\/\/isfd109-bue.infd.edu.ar\/sitio\/wp-json\/wp\/v2\/pages\/2071"}],"collection":[{"href":"https:\/\/isfd109-bue.infd.edu.ar\/sitio\/wp-json\/wp\/v2\/pages"}],"about":[{"href":"https:\/\/isfd109-bue.infd.edu.ar\/sitio\/wp-json\/wp\/v2\/types\/page"}],"author":[{"embeddable":true,"href":"https:\/\/isfd109-bue.infd.edu.ar\/sitio\/wp-json\/wp\/v2\/users\/977"}],"replies":[{"embeddable":true,"href":"https:\/\/isfd109-bue.infd.edu.ar\/sitio\/wp-json\/wp\/v2\/comments?post=2071"}],"version-history":[{"count":20,"href":"https:\/\/isfd109-bue.infd.edu.ar\/sitio\/wp-json\/wp\/v2\/pages\/2071\/revisions"}],"predecessor-version":[{"id":3145,"href":"https:\/\/isfd109-bue.infd.edu.ar\/sitio\/wp-json\/wp\/v2\/pages\/2071\/revisions\/3145"}],"wp:attachment":[{"href":"https:\/\/isfd109-bue.infd.edu.ar\/sitio\/wp-json\/wp\/v2\/media?parent=2071"}],"curies":[{"name":"wp","href":"https:\/\/api.w.org\/{rel}","templated":true}]}}